{"id":6725,"date":"2023-09-05T11:42:37","date_gmt":"2023-09-05T09:42:37","guid":{"rendered":"http:\/\/gz-ms.de\/?page_id=6725"},"modified":"2025-04-01T16:16:22","modified_gmt":"2025-04-01T14:16:22","slug":"freie-stellen","status":"publish","type":"page","link":"https:\/\/gz-ms.de\/?page_id=6725","title":{"rendered":"FREIE STELLEN"},"content":{"rendered":"<p>Wir suchen zum n\u00e4chstm\u00f6glichen Zeitpunkt eine(n) zuverl\u00e4ssige(n), freundliche(n) Medizinische(n) Fachangestellte(n) <strong>(MFA) (m\/w\/d) in Voll- oder Teilzeit<\/strong>.<br \/>\nWir bieten eine \u00fcberdurchschnittliche Bezahlung, keine unbezahlten \u00dcberstunden, keine Wochenenddienste.<br \/>\nWenn Interesse an einem vielf\u00e4ltigen Aufgabenbereich besteht, sind Sie bei uns genau richtig!<\/p>\n<p><strong><br \/>\n<\/strong>Au\u00dferdem suchen wir f\u00fcr unser Fachlabor der speziellen Gerinnung zum n\u00e4chstm\u00f6glichen Zeitpunkt eine(n) zuverl\u00e4ssige(n), selbst\u00e4ndige(n) Medizinische(n) Technische(n) Laboratoriumsassistentin\/-assistenten bzw. Medizinische(n) Technologin\/Technologen <strong>(MTLA) (m\/w\/d) in Vollzeit.<\/strong><br \/>\nWir bieten ein kleines, nettes, motiviertes Team, eine \u00fcberdurchschnittliche Bezahlung, keine unbezahlten \u00dcberstunden, keine Nacht- oder Wochenenddienste.<br \/>\nWenn Interesse an einem spannenden Aufgabenbereich besteht, dann senden Sie uns Ihre Bewerbung gerne zu!<strong><br \/>\n<\/strong><\/p>\n<p><span style=\"color: #ff0000;\"><strong>Bewerbungen per Post oder gerne auch per Mail an:<\/strong><\/span><br \/>\n<strong>Praxis Dr. med. H. Richter<\/strong><br \/>\n<strong>\u00a0z. Hd. Herrn\u00a0 Pawelek<\/strong><br \/>\n<strong>\u00a0Alter Steinweg 47<\/strong><br \/>\n<strong>48143 M\u00fcnster<\/strong><\/p>\n<p><strong>Labor@GZ-MS.de<\/strong><\/p>\n<p>Wir freuen uns auf Verst\u00e4rkung f\u00fcr unser Team!<\/p>\n","protected":false},"excerpt":{"rendered":"<p>Wir suchen zum n\u00e4chstm\u00f6glichen Zeitpunkt eine(n) zuverl\u00e4ssige(n), freundliche(n) Medizinische(n) Fachangestellte(n) (MFA) (m\/w\/d) in Voll- oder Teilzeit. Wir bieten eine \u00fcberdurchschnittliche Bezahlung, keine unbezahlten \u00dcberstunden, keine [&#8230;]<\/p>\n","protected":false},"author":1,"featured_media":0,"parent":0,"menu_order":0,"comment_status":"closed","ping_status":"closed","template":"","meta":{"footnotes":""},"class_list":["post-6725","page","type-page","status-publish","hentry"],"_links":{"self":[{"href":"https:\/\/gz-ms.de\/index.php?rest_route=\/wp\/v2\/pages\/6725","targetHints":{"allow":["GET"]}}],"collection":[{"href":"https:\/\/gz-ms.de\/index.php?rest_route=\/wp\/v2\/pages"}],"about":[{"href":"https:\/\/gz-ms.de\/index.php?rest_route=\/wp\/v2\/types\/page"}],"author":[{"embeddable":true,"href":"https:\/\/gz-ms.de\/index.php?rest_route=\/wp\/v2\/users\/1"}],"replies":[{"embeddable":true,"href":"https:\/\/gz-ms.de\/index.php?rest_route=%2Fwp%2Fv2%2Fcomments&post=6725"}],"version-history":[{"count":9,"href":"https:\/\/gz-ms.de\/index.php?rest_route=\/wp\/v2\/pages\/6725\/revisions"}],"predecessor-version":[{"id":12139,"href":"https:\/\/gz-ms.de\/index.php?rest_route=\/wp\/v2\/pages\/6725\/revisions\/12139"}],"wp:attachment":[{"href":"https:\/\/gz-ms.de\/index.php?rest_route=%2Fwp%2Fv2%2Fmedia&parent=6725"}],"curies":[{"name":"wp","href":"https:\/\/api.w.org\/{rel}","templated":true}]}}