{"id":32,"date":"2020-03-19T14:26:32","date_gmt":"2020-03-19T14:26:32","guid":{"rendered":"http:\/\/gz-ms.de\/?page_id=32"},"modified":"2025-04-01T16:33:58","modified_gmt":"2025-04-01T14:33:58","slug":"impressum","status":"publish","type":"page","link":"https:\/\/gz-ms.de\/?page_id=32","title":{"rendered":"IMPRESSUM"},"content":{"rendered":"\n<p>Quellenangabe Foto: Rodion Kutsaev | unsplash.com<\/p>\n\n\n\n<div class=\"wp-block-group\"><div class=\"wp-block-group__inner-container is-layout-constrained wp-block-group-is-layout-constrained\">\n<div class=\"wp-block-group\"><div class=\"wp-block-group__inner-container is-layout-constrained wp-block-group-is-layout-constrained\">\n<ul class=\"wp-block-list\">\n<li>verantwortlich nach \u00a7 5 TMG:<br><br>Dr. med. Heinrich Richter<br>Facharzt f\u00fcr Innere Medizin, H\u00e4mostaseologie<br>Alter Steinweg 47<br>48143 M\u00fcnster<br><br>E-Mail: <a href=\"mailto:praxis@haemophilie-zentrum.de\">praxis@haemophilie-zentrum.de<\/a><br><br>Zust\u00e4ndige \u00c4rztekammer:<br>\u00c4rztekammer Westfalen-Lippe<br>K\u00f6rperschaft des \u00f6ffentlichen Rechts<br>Gartenstra\u00dfe 210-214<br>48147 M\u00fcnster<br><a href=\"http:\/\/www.aekwl.de\/\">www.aekwl.de<\/a><br>Zust\u00e4ndige Kassen\u00e4rztliche Vereinigung und Aufsichtsbeh\u00f6rde:<br>Kassen\u00e4rztliche Vereinigung Westfalen-Lippe<br>K\u00f6rperschaft des \u00f6ffentlichen Rechts<br>Robert-Schimrigk-Str. 4-6<br>44141 Dortmund<br><a href=\"http:\/\/www.kvwl.de\/\">www.kvwl.de<\/a><br><br>Berufs- und Facharztbezeichnung: Facharzt f\u00fcr Innere Medizin, Zusatzbezeichnung H\u00e4mostaseologie, wurden verliehen in Deutschland<br>Es gelten folgende berufsrechtliche Regelungen: Berufsordnung der \u00c4rztekammer Westfalen-Lippe<br>einsehbar unter: <a href=\"http:\/\/www.aekwl.de\/\">http:\/\/www.aekwl.de<\/a><br><br><br><strong>Datenschutzerkl\u00e4rung:<br><\/strong>Datenschutzbeauftragter der Praxis Dr. Richter ist:<br>Artur Pawelek, <\/li>\n\n\n\n<li>Praxis Dr. med. H. Richter, <\/li>\n\n\n\n<li>Alter Steinweg 47, 48143 M\u00fcnster, <\/li>\n\n\n\n<li>E-Mail: labor@gz-ms.de, Tel. 0251-620420, Fax 0251-6204216.<br><br>Das Lesen dieser Webseite ist in der Regel ohne Angabe personenbezogener Daten m\u00f6glich. <br><br>Beim Aufruf dieser Webseite erhebt die Webhosting-Firma Strato ggfs. im Rahmen von Logfiles computerspezifische Daten, Informationen hierzu finden sich unter folgendem Link: <a href=\"https:\/\/strato.de\/blog\/dsgvo-logfiles\/\">https:\/\/strato.de\/blog\/dsgvo-logfiles\/<\/a><br><br>Soweit Sie uns personenbezogene Daten (beispielsweise Name, Anschrift oder email-Adressen) zukommen lassen, erfolgt dies stets auf freiwilliger Basis. Diese Daten werden ohne Ihre ausdr\u00fcckliche Zustimmung nicht an Dritte weitergegeben. <br><br>Wir weisen darauf hin, dass die Daten\u00fcbertragung im Internet (z.B. bei der Kommunikation per E-Mail) Sicherheitsl\u00fccken aufweisen kann. Ein l\u00fcckenloser Schutz der Daten vor dem Zugriff durch Dritte ist nicht m\u00f6glich. Wir empfehlen deshalb f\u00fcr die Mitteilung sensibler Daten an uns Telefon bzw. Fax den Vorzug zu geben.<br><br>Der Nutzung von im Rahmen der Impressumspflicht ver\u00f6ffentlichten Kontaktdaten durch Dritte zur \u00dcbersendung von nicht ausdr\u00fccklich angeforderter Werbung und Informationsmaterialien wird hiermit ausdr\u00fccklich widersprochen. Die Betreiber der Seiten behalten sich ausdr\u00fccklich rechtliche Schritte im Falle der unverlangten Zusendung von Werbeinformationen, etwa durch Spam-Mails, vor.<br><br>Bei einem Besuch in unserer Praxis werden ggfs. weitere sensible private Daten wie z.B. Adresse, Geburtsdatum, Krankenversicherung und Krankheitsverlauf erhoben. Auch hier lassen wir gr\u00f6\u00dftm\u00f6gliche Sorgfalt im Umgang mit Ihren Daten walten, n\u00e4here Einzelheiten hierzu k\u00f6nnen Sie vor Abgabe Ihrer Daten durch einen Aushang einsehen.<\/li>\n<\/ul>\n<\/div><\/div>\n<\/div><\/div>\n","protected":false},"excerpt":{"rendered":"<p>Quellenangabe Foto: Rodion Kutsaev | unsplash.com<\/p>\n","protected":false},"author":1,"featured_media":0,"parent":0,"menu_order":0,"comment_status":"closed","ping_status":"closed","template":"","meta":{"footnotes":""},"class_list":["post-32","page","type-page","status-publish","hentry"],"_links":{"self":[{"href":"https:\/\/gz-ms.de\/index.php?rest_route=\/wp\/v2\/pages\/32","targetHints":{"allow":["GET"]}}],"collection":[{"href":"https:\/\/gz-ms.de\/index.php?rest_route=\/wp\/v2\/pages"}],"about":[{"href":"https:\/\/gz-ms.de\/index.php?rest_route=\/wp\/v2\/types\/page"}],"author":[{"embeddable":true,"href":"https:\/\/gz-ms.de\/index.php?rest_route=\/wp\/v2\/users\/1"}],"replies":[{"embeddable":true,"href":"https:\/\/gz-ms.de\/index.php?rest_route=%2Fwp%2Fv2%2Fcomments&post=32"}],"version-history":[{"count":13,"href":"https:\/\/gz-ms.de\/index.php?rest_route=\/wp\/v2\/pages\/32\/revisions"}],"predecessor-version":[{"id":12147,"href":"https:\/\/gz-ms.de\/index.php?rest_route=\/wp\/v2\/pages\/32\/revisions\/12147"}],"wp:attachment":[{"href":"https:\/\/gz-ms.de\/index.php?rest_route=%2Fwp%2Fv2%2Fmedia&parent=32"}],"curies":[{"name":"wp","href":"https:\/\/api.w.org\/{rel}","templated":true}]}}