{"id":28,"date":"2020-03-19T13:57:29","date_gmt":"2020-03-19T12:57:29","guid":{"rendered":"http:\/\/gz-ms.de\/?page_id=28"},"modified":"2025-04-01T16:17:21","modified_gmt":"2025-04-01T14:17:21","slug":"kontakt","status":"publish","type":"page","link":"https:\/\/gz-ms.de\/?page_id=28","title":{"rendered":"KONTAKT"},"content":{"rendered":"\n<p>Praxis Dr. med. H. Richter<br>Alter Steinweg 47<br>48143 M\u00fcnster<br><br>Tel.: +49 251 62042-0<br>Fax: +49 251 6204216<br>E-Mail: praxis@haemophilie-zentrum.de<\/p>\n\n\n\n<p><br>Sie k\u00f6nnen dieses Kontaktformular benutzen, um uns eine E-Mail zu schicken:<\/p>\n\n\n\n<div class=\"wpcf7 no-js\" id=\"wpcf7-f132-o1\" lang=\"de-DE\" dir=\"ltr\" data-wpcf7-id=\"132\">\n<div class=\"screen-reader-response\"><p role=\"status\" aria-live=\"polite\" aria-atomic=\"true\"><\/p> <ul><\/ul><\/div>\n<form action=\"\/index.php?rest_route=%2Fwp%2Fv2%2Fpages%2F28#wpcf7-f132-o1\" method=\"post\" class=\"wpcf7-form init wpcf7-acceptance-as-validation\" aria-label=\"Kontaktformular\" novalidate=\"novalidate\" data-status=\"init\">\n<fieldset class=\"hidden-fields-container\"><input type=\"hidden\" name=\"_wpcf7\" value=\"132\" \/><input type=\"hidden\" name=\"_wpcf7_version\" value=\"6.1.5\" \/><input type=\"hidden\" name=\"_wpcf7_locale\" value=\"de_DE\" \/><input type=\"hidden\" name=\"_wpcf7_unit_tag\" value=\"wpcf7-f132-o1\" \/><input type=\"hidden\" name=\"_wpcf7_container_post\" value=\"0\" \/><input type=\"hidden\" name=\"_wpcf7_posted_data_hash\" value=\"\" \/>\n<\/fieldset>\n<p><label> Ihr Name (Pflichtfeld)<br \/>\n<span class=\"wpcf7-form-control-wrap\" data-name=\"your-name\"><input size=\"40\" maxlength=\"400\" class=\"wpcf7-form-control wpcf7-text wpcf7-validates-as-required\" aria-required=\"true\" aria-invalid=\"false\" value=\"\" type=\"text\" name=\"your-name\" \/><\/span> <\/label>\n<\/p>\n<p><label> Ihre E-Mail-Adresse (Pflichtfeld)<br \/>\n<span class=\"wpcf7-form-control-wrap\" data-name=\"your-email\"><input size=\"40\" maxlength=\"400\" class=\"wpcf7-form-control wpcf7-email wpcf7-validates-as-required wpcf7-text wpcf7-validates-as-email\" aria-required=\"true\" aria-invalid=\"false\" value=\"\" type=\"email\" name=\"your-email\" \/><\/span> <\/label>\n<\/p>\n<p><label> Betreff (Pflichtfeld)<br \/>\n<span class=\"wpcf7-form-control-wrap\" data-name=\"your-subject\"><input size=\"40\" maxlength=\"400\" class=\"wpcf7-form-control wpcf7-text wpcf7-validates-as-required\" aria-required=\"true\" aria-invalid=\"false\" value=\"\" type=\"text\" name=\"your-subject\" \/><\/span> <\/label>\n<\/p>\n<p><label> Ihr Geburtsdatum (Pflichtfeld)<br \/>\n<span class=\"wpcf7-form-control-wrap\" data-name=\"your-birthday\"><input class=\"wpcf7-form-control wpcf7-date wpcf7-validates-as-required wpcf7-validates-as-date\" aria-required=\"true\" aria-invalid=\"false\" value=\"\" type=\"date\" name=\"your-birthday\" \/><\/span> <\/label>\n<\/p>\n<p><label> Ihre Telefonnummer (optional)<br \/>\n<span class=\"wpcf7-form-control-wrap\" data-name=\"your-phone\"><input size=\"40\" maxlength=\"400\" class=\"wpcf7-form-control wpcf7-tel wpcf7-text wpcf7-validates-as-tel\" aria-invalid=\"false\" value=\"\" type=\"tel\" name=\"your-phone\" \/><\/span> <\/label>\n<\/p>\n<p><label> Ihre Nachricht<br \/>\n<span class=\"wpcf7-form-control-wrap\" data-name=\"your-message\"><textarea cols=\"40\" rows=\"10\" maxlength=\"2000\" class=\"wpcf7-form-control wpcf7-textarea\" aria-invalid=\"false\" name=\"your-message\"><\/textarea><\/span> <\/label>\n<\/p>\n<p><span class=\"wpcf7-form-control-wrap\" data-name=\"Zustimmung\"><span class=\"wpcf7-form-control wpcf7-acceptance\"><span class=\"wpcf7-list-item\"><label><input type=\"checkbox\" name=\"Zustimmung\" value=\"1\" aria-invalid=\"false\" \/><span class=\"wpcf7-list-item-label\">Ich habe die Datenschutzerkl\u00e4rung im Impressum zur Kenntnis genommen und akzeptiert.\nIch bin einverstanden, dass meine Angaben zur Kontaktaufnahme bzw. zur Bearbeitung meines Anliegens gespeichert werden.<\/span><\/label><\/span><\/span><\/span>\n<\/p>\n<p><input class=\"wpcf7-form-control wpcf7-submit has-spinner\" type=\"submit\" value=\"Senden\" \/>\n<\/p><div class=\"wpcf7-response-output\" aria-hidden=\"true\"><\/div>\n<\/form>\n<\/div>\n\n\n\n\n<p class=\"has-secondary-color has-text-color\"><strong>ACHTUNG<\/strong><br><em><strong>Aufgrund von Problemen bei der Telekom gibt es momentan Schwierigkeiten, von unserer Praxis aus Mails an t-online-Kunden zu senden. Bitte geben Sie in jedem Fall, eine Telefonnummer an, unter der Sie erreichbar sind, wenn Sie uns eine E-Mail schreiben! So k\u00f6nnen wir Kontakt mit Ihnen aufnehmen, auch wenn das Beantworten einer E-Mail nicht m\u00f6glich ist.<\/strong><\/em> <strong><em>Bei Terminvereinbarungen geben Sie bitte zur eindeutigen Zuordnung auch Ihr Geburtsdatum mit an.<\/em><\/strong><\/p>\n\n\n\n<p><br><strong>\u00d6ffnungszeiten:<\/strong><br>Mo.: 8:00 \u2013 13:00 Uhr und 14:00 \u2013 17:00 Uhr<br>Di.:   8:00 \u2013 13:00 Uhr und 14:00 \u2013 17:00 Uhr<br>Mi.:  8:00 \u2013 13:00 Uhr<br>Do.: 8:00 \u2013 13:00 Uhr und 14:00 \u2013 17:00 Uhr<br>Fr.:  8:00 \u2013 13:00 Uhr<\/p>\n\n\n\n<p><br><strong>Anfahrt:<\/strong> <br>Vom Hauptbahnhof M\u00fcnster erreichen Sie unsere Praxis fu\u00dfl\u00e4ufig in ca. 15 Minuten. Mit \u00f6ffentlichen Verkehrsmitteln ist unsere Praxis bequem erreichbar: Die Haltestelle &#8222;Altstadt\/B\u00fclt&#8220; befindet sich nur wenige Schritte von uns entfernt. <br><br>Parkm\u00f6glichkeiten befinden sich im Parkhaus &#8222;Theater M\u00fcnster&#8220;, Parkhaus &#8222;Alter Steinweg&#8220; sowie auf dem Parkplatz &#8222;H\u00f6rster Platz&#8220;.  <\/p>\n\n\n\n<p><\/p>\n\n\n\n<p><\/p>\n","protected":false},"excerpt":{"rendered":"<p>Praxis Dr. med. H. RichterAlter Steinweg 4748143 M\u00fcnster Tel.: +49 251 62042-0Fax: +49 251 6204216E-Mail: praxis@haemophilie-zentrum.de Sie k\u00f6nnen dieses Kontaktformular benutzen, um uns eine E-Mail [&#8230;]<\/p>\n","protected":false},"author":1,"featured_media":0,"parent":0,"menu_order":0,"comment_status":"closed","ping_status":"closed","template":"","meta":{"footnotes":""},"class_list":["post-28","page","type-page","status-publish","hentry"],"_links":{"self":[{"href":"https:\/\/gz-ms.de\/index.php?rest_route=\/wp\/v2\/pages\/28","targetHints":{"allow":["GET"]}}],"collection":[{"href":"https:\/\/gz-ms.de\/index.php?rest_route=\/wp\/v2\/pages"}],"about":[{"href":"https:\/\/gz-ms.de\/index.php?rest_route=\/wp\/v2\/types\/page"}],"author":[{"embeddable":true,"href":"https:\/\/gz-ms.de\/index.php?rest_route=\/wp\/v2\/users\/1"}],"replies":[{"embeddable":true,"href":"https:\/\/gz-ms.de\/index.php?rest_route=%2Fwp%2Fv2%2Fcomments&post=28"}],"version-history":[{"count":32,"href":"https:\/\/gz-ms.de\/index.php?rest_route=\/wp\/v2\/pages\/28\/revisions"}],"predecessor-version":[{"id":12140,"href":"https:\/\/gz-ms.de\/index.php?rest_route=\/wp\/v2\/pages\/28\/revisions\/12140"}],"wp:attachment":[{"href":"https:\/\/gz-ms.de\/index.php?rest_route=%2Fwp%2Fv2%2Fmedia&parent=28"}],"curies":[{"name":"wp","href":"https:\/\/api.w.org\/{rel}","templated":true}]}}