{"id":18,"date":"2025-04-01T16:22:17","date_gmt":"2025-04-01T14:22:17","guid":{"rendered":"http:\/\/gz-ms.de\/?page_id=18"},"modified":"2025-09-30T13:28:19","modified_gmt":"2025-09-30T11:28:19","slug":"home","status":"publish","type":"page","link":"https:\/\/gz-ms.de\/","title":{"rendered":"WILLKOMMEN"},"content":{"rendered":"\n<h2 class=\"wp-block-heading\"><strong><mark style=\"background-color:rgba(0, 0, 0, 0)\" class=\"has-inline-color has-highlight-color\"><em>Aufgrund der hohen Anzahl an Krankheitsf\u00e4llen in unserer Praxis, kommt es momentan zu l\u00e4ngeren Wartezeiten innerhalb der Praxis, sowie bei der telefonischen Terminvergabe . Wir bitten Sie deshalb Anfragen gerne per Email zu schicken, diese werden im Laufe der Woche beantwortet.                                                                                     Vielen Dank f\u00fcr Ihr Verst\u00e4ndnis!<\/em><\/mark><\/strong><\/h2>\n\n\n\n<p><\/p>\n\n\n\n<p class=\"has-medium-font-size\">Herzlich Willkommen im H\u00e4mophiliezentrum M\u00fcnster, Praxis Dr. med. H. Richter! <br>Bitte vereinbaren Sie f\u00fcr Ihren Besuch immer einen Termin mit uns!<\/p>\n\n\n\n<p class=\"has-medium-font-size\">Hier einige kurze organisatorische Hinweise:<\/p>\n\n\n\n<p class=\"has-medium-font-size\"><br><br><em><strong>F\u00fcr die Behandlung ben\u00f6tigen wir Ihre Krankenkassenkarte und eine g\u00fcltige \u00dcberweisung!<\/strong><br><strong>Falls Sie aktuelle Befunde und \/oder einen Medikamentenplan besitzen, bringen Sie diese auch auf jeden Fall zur Sichtung mit in unsere Praxis.<\/strong><br><\/em><br>In den allermeisten F\u00e4llen erfolgt beim ersten Termin auch eine Blutentnahme. Daf\u00fcr m\u00fcssen Sie nicht n\u00fcchtern erscheinen, sondern d\u00fcrfen (und sollten sogar) vorher normal essen und trinken!<br><br>Minderj\u00e4hrige Patienten <strong>m\u00fcssen<\/strong> bei Erstkontakt aus rechtlichen Gr\u00fcnden von einem Erziehungsberechtigten begleitet werden.<\/p>\n\n\n\n<h2 class=\"wp-block-heading\"><strong>HINWEIS<\/strong>!!!<\/h2>\n\n\n\n<p class=\"has-small-font-size\"><strong><em>Bitte nehmen Sie 14 Tage vor der Untersuchung keine Schmerz- und Fiebermittel wie Aspirin, Diclofenac, Ibuprofen, Voltaren oder Mischpr\u00e4parate, die diese Substanzen enthalten, ein! Diese beeinflussen die Blutwerte. M\u00f6glich sind aber Paracetamol oder Novalgin. <\/em><\/strong><br><\/p>\n\n\n\n<p class=\"has-small-font-size\"><strong><mark style=\"background-color:rgba(0, 0, 0, 0)\" class=\"has-inline-color has-tertiary-color\">Verordnete Medikamente, die Sie regelm\u00e4\u00dfig einnehmen m\u00fcssen, nehmen Sie bitte auf jeden Fall weiterhin ein!<\/mark><\/strong><\/p>\n\n\n\n<p class=\"has-small-font-size\">Vielen Dank!<br><strong>Ihr Praxis-Team<\/strong><\/p>\n\n\n\n<p>   <br><strong>\u00d6ffnungszeiten:<\/strong><br>Mo.: 8:00 \u2013 13:00 Uhr und 14:00 \u2013 17:00 Uhr<br>Di.:   8:00 \u2013 13:00 Uhr und 14:00 \u2013 17:00 Uhr<br>Mi.:   8:00 \u2013 13:00 Uhr<br>Do.:  8:00 \u2013 13:00 Uhr und 14:00 \u2013 17:00 Uhr<br>Fr.:   8:00 \u2013 13:00 Uhr <\/p>\n\n\n\n<p><strong>Termine nach Vereinbarung<\/strong>!<\/p>\n","protected":false},"excerpt":{"rendered":"<p>Aufgrund der hohen Anzahl an Krankheitsf\u00e4llen in unserer Praxis, kommt es momentan zu l\u00e4ngeren Wartezeiten innerhalb der Praxis, sowie bei der telefonischen Terminvergabe . Wir [&#8230;]<\/p>\n","protected":false},"author":1,"featured_media":64,"parent":0,"menu_order":0,"comment_status":"closed","ping_status":"closed","template":"","meta":{"footnotes":""},"class_list":["post-18","page","type-page","status-publish","has-post-thumbnail","hentry"],"_links":{"self":[{"href":"https:\/\/gz-ms.de\/index.php?rest_route=\/wp\/v2\/pages\/18","targetHints":{"allow":["GET"]}}],"collection":[{"href":"https:\/\/gz-ms.de\/index.php?rest_route=\/wp\/v2\/pages"}],"about":[{"href":"https:\/\/gz-ms.de\/index.php?rest_route=\/wp\/v2\/types\/page"}],"author":[{"embeddable":true,"href":"https:\/\/gz-ms.de\/index.php?rest_route=\/wp\/v2\/users\/1"}],"replies":[{"embeddable":true,"href":"https:\/\/gz-ms.de\/index.php?rest_route=%2Fwp%2Fv2%2Fcomments&post=18"}],"version-history":[{"count":50,"href":"https:\/\/gz-ms.de\/index.php?rest_route=\/wp\/v2\/pages\/18\/revisions"}],"predecessor-version":[{"id":13772,"href":"https:\/\/gz-ms.de\/index.php?rest_route=\/wp\/v2\/pages\/18\/revisions\/13772"}],"wp:featuredmedia":[{"embeddable":true,"href":"https:\/\/gz-ms.de\/index.php?rest_route=\/wp\/v2\/media\/64"}],"wp:attachment":[{"href":"https:\/\/gz-ms.de\/index.php?rest_route=%2Fwp%2Fv2%2Fmedia&parent=18"}],"curies":[{"name":"wp","href":"https:\/\/api.w.org\/{rel}","templated":true}]}}