{"id":2772,"date":"2022-02-08T10:04:55","date_gmt":"2022-02-08T09:04:55","guid":{"rendered":"http:\/\/gz-ms.de\/?page_id=2772"},"modified":"2025-09-24T11:32:35","modified_gmt":"2025-09-24T09:32:35","slug":"downloads","status":"publish","type":"page","link":"http:\/\/gz-ms.de\/?page_id=2772","title":{"rendered":"DOWNLOADS"},"content":{"rendered":"\n<p>Hier k\u00f6nnen Sie  vorab unsere Formulare herunterladen. Bitte bringen Sie diese ausgef\u00fcllt zu Ihrem Termin <br>(Ersttermin oder auch, wenn Ihr letzter Termin l\u00e4nger als zwei Jahre her ist) mit! <\/p>\n\n\n\n<div class=\"wp-block-file\"><a href=\"http:\/\/gz-ms.de\/wp-content\/uploads\/2022\/02\/Einverstaendnis-Datenschutz-1.pdf\">Einverst\u00e4ndnis-Datenschutz<\/a><a href=\"http:\/\/gz-ms.de\/wp-content\/uploads\/2022\/02\/Einverstaendnis-Datenschutz-1.pdf\" class=\"wp-block-file__button wp-element-button\" download>Herunterladen<\/a><\/div>\n\n\n\n<div class=\"wp-block-file\"><a href=\"http:\/\/gz-ms.de\/wp-content\/uploads\/2022\/02\/Anamnesebogen.pdf\">Anamnesebogen<\/a><a href=\"http:\/\/gz-ms.de\/wp-content\/uploads\/2022\/02\/Anamnesebogen.pdf\" class=\"wp-block-file__button wp-element-button\" download>Herunterladen<\/a><\/div>\n\n\n\n<p><\/p>\n","protected":false},"excerpt":{"rendered":"<p>Hier k\u00f6nnen Sie vorab unsere Formulare herunterladen. Bitte bringen Sie diese ausgef\u00fcllt zu Ihrem Termin (Ersttermin oder auch, wenn Ihr letzter Termin l\u00e4nger als zwei [&#8230;]<\/p>\n","protected":false},"author":1,"featured_media":0,"parent":0,"menu_order":0,"comment_status":"closed","ping_status":"closed","template":"","meta":{"footnotes":""},"class_list":["post-2772","page","type-page","status-publish","hentry"],"_links":{"self":[{"href":"http:\/\/gz-ms.de\/index.php?rest_route=\/wp\/v2\/pages\/2772","targetHints":{"allow":["GET"]}}],"collection":[{"href":"http:\/\/gz-ms.de\/index.php?rest_route=\/wp\/v2\/pages"}],"about":[{"href":"http:\/\/gz-ms.de\/index.php?rest_route=\/wp\/v2\/types\/page"}],"author":[{"embeddable":true,"href":"http:\/\/gz-ms.de\/index.php?rest_route=\/wp\/v2\/users\/1"}],"replies":[{"embeddable":true,"href":"http:\/\/gz-ms.de\/index.php?rest_route=%2Fwp%2Fv2%2Fcomments&post=2772"}],"version-history":[{"count":16,"href":"http:\/\/gz-ms.de\/index.php?rest_route=\/wp\/v2\/pages\/2772\/revisions"}],"predecessor-version":[{"id":13655,"href":"http:\/\/gz-ms.de\/index.php?rest_route=\/wp\/v2\/pages\/2772\/revisions\/13655"}],"wp:attachment":[{"href":"http:\/\/gz-ms.de\/index.php?rest_route=%2Fwp%2Fv2%2Fmedia&parent=2772"}],"curies":[{"name":"wp","href":"https:\/\/api.w.org\/{rel}","templated":true}]}}